{"id":506,"date":"2018-11-26T12:46:25","date_gmt":"2018-11-26T12:46:25","guid":{"rendered":"http:\/\/www.finnishaviationprofessionals.fi\/index.php\/services\/"},"modified":"2024-11-05T14:24:31","modified_gmt":"2024-11-05T14:24:31","slug":"services","status":"publish","type":"page","link":"http:\/\/www.finnishaviationprofessionals.fi\/index.php\/services\/","title":{"rendered":"Services"},"content":{"rendered":"<style>\/*! elementor - v3.15.0 - 20-08-2023 *\/\n.elementor-widget-image-box .elementor-image-box-content{width:100%}@media (min-width:768px){.elementor-widget-image-box.elementor-position-left .elementor-image-box-wrapper,.elementor-widget-image-box.elementor-position-right .elementor-image-box-wrapper{display:flex}.elementor-widget-image-box.elementor-position-right .elementor-image-box-wrapper{text-align:right;flex-direction:row-reverse}.elementor-widget-image-box.elementor-position-left .elementor-image-box-wrapper{text-align:left;flex-direction:row}.elementor-widget-image-box.elementor-position-top .elementor-image-box-img{margin:auto}.elementor-widget-image-box.elementor-vertical-align-top .elementor-image-box-wrapper{align-items:flex-start}.elementor-widget-image-box.elementor-vertical-align-middle .elementor-image-box-wrapper{align-items:center}.elementor-widget-image-box.elementor-vertical-align-bottom .elementor-image-box-wrapper{align-items:flex-end}}@media (max-width:767px){.elementor-widget-image-box .elementor-image-box-img{margin-left:auto!important;margin-right:auto!important;margin-bottom:15px}}.elementor-widget-image-box .elementor-image-box-img{display:inline-block}.elementor-widget-image-box .elementor-image-box-title a{color:inherit}.elementor-widget-image-box .elementor-image-box-wrapper{text-align:center}.elementor-widget-image-box .elementor-image-box-description{margin:0}<\/style>\n<h2>Liity j\u00e4seneksi!<\/h2>\n<p>Liity j\u00e4seneksi kasvavaan joukkoomme.<br \/>\nLiittym\u00e4ll\u00e4 varmistat itsellesi yhdistyksen ja ASIAn kaikki palvelut sek\u00e4 j\u00e4senedut. <br \/>T\u00e4rkeimp\u00e4n\u00e4 tietenkin ansiosidonnainen ty\u00f6tt\u00f6myysturva! Korkeatasoisen j\u00e4senpalvelumme lis\u00e4ksi j\u00e4rjest\u00e4mme vuosittain erilaisia tapahtumia j\u00e4senillemme.<\/p>\n<p>S\u00e4hk\u00f6isen liittymislomakkeen l\u00f6yd\u00e4t liittymislinkist\u00e4. T\u00e4yt\u00e4 liittymislomake s\u00e4hk\u00f6isesti liittymislinkist\u00e4. T\u00e4yt\u00e4 pyydetyt tiedot ja paina l\u00e4het\u00e4 painiketta ja olet yksi meist\u00e4 ilmailualan ammattilaisista. Liittym\u00e4ll\u00e4 saat j\u00e4senyytesi voimaan heti!<\/p>\n<p>FAP:n j\u00e4senmaksu on kiinte\u00e4 33,75 \u20ac\/kk vuonna 2024 ja se sis\u00e4lt\u00e4\u00e4 ASIAn, FAP:n ja ty\u00f6tt\u00f6myyskassa KOKO:n j\u00e4senmaksun. J\u00e4senmaksut ovat verov\u00e4hennyskelpoisia. Voit liitty\u00e4 KOKO- ty\u00f6tt\u00f6myyskassaan ollessasi ty\u00f6suhteessa.<\/p>\n<style>\/*! elementor - v3.15.0 - 20-08-2023 *\/\n.elementor-column .elementor-spacer-inner{height:var(--spacer-size)}.e-con{--container-widget-width:100%}.e-con-inner>.elementor-widget-spacer,.e-con>.elementor-widget-spacer{width:var(--container-widget-width,var(--spacer-size));--align-self:var(--container-widget-align-self,initial);--flex-shrink:0}.e-con-inner>.elementor-widget-spacer>.elementor-widget-container,.e-con-inner>.elementor-widget-spacer>.elementor-widget-container>.elementor-spacer,.e-con>.elementor-widget-spacer>.elementor-widget-container,.e-con>.elementor-widget-spacer>.elementor-widget-container>.elementor-spacer{height:100%}.e-con-inner>.elementor-widget-spacer>.elementor-widget-container>.elementor-spacer>.elementor-spacer-inner,.e-con>.elementor-widget-spacer>.elementor-widget-container>.elementor-spacer>.elementor-spacer-inner{height:var(--container-widget-height,var(--spacer-size))}<\/style>\n<h2>Norwegian Matkustamohenkil\u00f6kunta<\/h2>\n<p>Norwegian lentoyhti\u00f6n Suomen asemapaikan matkustamohenkil\u00f6kuntaa edustaa FAP. Norwegian lentoyhti\u00f6n Suomen asemapaikan lent\u00e4j\u00e4liittoa NPUF:ta edustaa my\u00f6s ASIA. Uusi Norwegian Crew Resources Finland Oy:n matkustamohenkil\u00f6kuntaa koskeva ty\u00f6ehtosopimus solmiittiin joulukuussa 2021.\n<\/p>\n<h2>Vanguard Aviation Finland Branch Ltd:n<br \/>matkustamohenkil\u00f6kunta<\/h2>\n<p>FAP edustaa Xfly lentoyhti\u00f6n koneissa ty\u00f6skentelev\u00e4\u00e4 matkustamohenkil\u00f6kuntaa Suomen asemapaikoilla. \n<\/p>\n<style>\/*! elementor - v3.15.0 - 20-08-2023 *\/\n.elementor-heading-title{padding:0;margin:0;line-height:1}.elementor-widget-heading .elementor-heading-title[class*=elementor-size-]>a{color:inherit;font-size:inherit;line-height:inherit}.elementor-widget-heading .elementor-heading-title.elementor-size-small{font-size:15px}.elementor-widget-heading .elementor-heading-title.elementor-size-medium{font-size:19px}.elementor-widget-heading .elementor-heading-title.elementor-size-large{font-size:29px}.elementor-widget-heading .elementor-heading-title.elementor-size-xl{font-size:39px}.elementor-widget-heading .elementor-heading-title.elementor-size-xxl{font-size:59px}<\/style>\n<h3>Liittym\u00e4ll\u00e4 s\u00e4hk\u00f6isesti saat j\u00e4senyytesi heti voimaan!<\/h3>\n<p>\t\t\t<a href=\"https:\/\/yty.sprintit.fi\/join_as_member\" target=\"_blank\" rel=\"noopener\"><br \/>\n\t\t\t\t\t\tLiity T\u00e4st\u00e4<br \/>\n\t\t\t\t\t<\/a><\/p>\n","protected":false},"excerpt":{"rendered":"<p>Liity j\u00e4seneksi! Liity j\u00e4seneksi kasvavaan joukkoomme. Liittym\u00e4ll\u00e4 varmistat itsellesi yhdistyksen ja ASIAn kaikki palvelut sek\u00e4 j\u00e4senedut. T\u00e4rkeimp\u00e4n\u00e4 tietenkin ansiosidonnainen ty\u00f6tt\u00f6myysturva! Korkeatasoisen j\u00e4senpalvelumme lis\u00e4ksi j\u00e4rjest\u00e4mme vuosittain erilaisia tapahtumia j\u00e4senillemme. S\u00e4hk\u00f6isen liittymislomakkeen l\u00f6yd\u00e4t liittymislinkist\u00e4. T\u00e4yt\u00e4 liittymislomake s\u00e4hk\u00f6isesti liittymislinkist\u00e4. T\u00e4yt\u00e4 pyydetyt tiedot ja paina l\u00e4het\u00e4 painiketta ja olet yksi meist\u00e4 ilmailualan ammattilaisista. Liittym\u00e4ll\u00e4 saat j\u00e4senyytesi voimaan heti! FAP:n [&hellip;]<\/p>\n","protected":false},"author":1,"featured_media":0,"parent":0,"menu_order":0,"comment_status":"closed","ping_status":"closed","template":"","meta":{"site-sidebar-layout":"no-sidebar","site-content-layout":"page-builder","ast-site-content-layout":"full-width-container","site-content-style":"unboxed","site-sidebar-style":"unboxed","ast-global-header-display":"","ast-banner-title-visibility":"","ast-main-header-display":"","ast-hfb-above-header-display":"","ast-hfb-below-header-display":"","ast-hfb-mobile-header-display":"","site-post-title":"disabled","ast-breadcrumbs-content":"","ast-featured-img":"disabled","footer-sml-layout":"","theme-transparent-header-meta":"enabled","adv-header-id-meta":"","stick-header-meta":"","header-above-stick-meta":"","header-main-stick-meta":"","header-below-stick-meta":"","astra-migrate-meta-layouts":"set","ast-page-background-enabled":"default","ast-page-background-meta":{"desktop":{"background-color":"","background-image":"","background-repeat":"repeat","background-position":"center center","background-size":"auto","background-attachment":"scroll","background-type":"","background-media":"","overlay-type":"","overlay-color":"","overlay-opacity":"","overlay-gradient":""},"tablet":{"background-color":"","background-image":"","background-repeat":"repeat","background-position":"center center","background-size":"auto","background-attachment":"scroll","background-type":"","background-media":"","overlay-type":"","overlay-color":"","overlay-opacity":"","overlay-gradient":""},"mobile":{"background-color":"","background-image":"","background-repeat":"repeat","background-position":"center center","background-size":"auto","background-attachment":"scroll","background-type":"","background-media":"","overlay-type":"","overlay-color":"","overlay-opacity":"","overlay-gradient":""}},"ast-content-background-meta":{"desktop":{"background-color":"var(--ast-global-color-5)","background-image":"","background-repeat":"repeat","background-position":"center center","background-size":"auto","background-attachment":"scroll","background-type":"","background-media":"","overlay-type":"","overlay-color":"","overlay-opacity":"","overlay-gradient":""},"tablet":{"background-color":"var(--ast-global-color-5)","background-image":"","background-repeat":"repeat","background-position":"center center","background-size":"auto","background-attachment":"scroll","background-type":"","background-media":"","overlay-type":"","overlay-color":"","overlay-opacity":"","overlay-gradient":""},"mobile":{"background-color":"var(--ast-global-color-5)","background-image":"","background-repeat":"repeat","background-position":"center center","background-size":"auto","background-attachment":"scroll","background-type":"","background-media":"","overlay-type":"","overlay-color":"","overlay-opacity":"","overlay-gradient":""}},"footnotes":""},"class_list":["post-506","page","type-page","status-publish","hentry"],"_links":{"self":[{"href":"http:\/\/www.finnishaviationprofessionals.fi\/index.php\/wp-json\/wp\/v2\/pages\/506","targetHints":{"allow":["GET"]}}],"collection":[{"href":"http:\/\/www.finnishaviationprofessionals.fi\/index.php\/wp-json\/wp\/v2\/pages"}],"about":[{"href":"http:\/\/www.finnishaviationprofessionals.fi\/index.php\/wp-json\/wp\/v2\/types\/page"}],"author":[{"embeddable":true,"href":"http:\/\/www.finnishaviationprofessionals.fi\/index.php\/wp-json\/wp\/v2\/users\/1"}],"replies":[{"embeddable":true,"href":"http:\/\/www.finnishaviationprofessionals.fi\/index.php\/wp-json\/wp\/v2\/comments?post=506"}],"version-history":[{"count":138,"href":"http:\/\/www.finnishaviationprofessionals.fi\/index.php\/wp-json\/wp\/v2\/pages\/506\/revisions"}],"predecessor-version":[{"id":1732,"href":"http:\/\/www.finnishaviationprofessionals.fi\/index.php\/wp-json\/wp\/v2\/pages\/506\/revisions\/1732"}],"wp:attachment":[{"href":"http:\/\/www.finnishaviationprofessionals.fi\/index.php\/wp-json\/wp\/v2\/media?parent=506"}],"curies":[{"name":"wp","href":"https:\/\/api.w.org\/{rel}","templated":true}]}}